{"id":27,"date":"2017-02-20T09:26:14","date_gmt":"2017-02-20T08:26:14","guid":{"rendered":"http:\/\/campingbarthon-eugenie-les-bains.fr\/camping\/?page_id=27"},"modified":"2018-03-07T18:24:37","modified_gmt":"2018-03-07T17:24:37","slug":"contact","status":"publish","type":"page","link":"https:\/\/campingbarthon-eugenie-les-bains.fr\/camping\/index.php\/contact\/","title":{"rendered":"Nous contacter et infos"},"content":{"rendered":"<p>[et_pb_section fb_built=\u00a0\u00bb1&Prime; admin_label=\u00a0\u00bbsection\u00a0\u00bb _builder_version=\u00a0\u00bb3.0.47&Prime;][et_pb_row admin_label=\u00a0\u00bbrow\u00a0\u00bb _builder_version=\u00a0\u00bb3.0.47&Prime; background_size=\u00a0\u00bbinitial\u00a0\u00bb background_position=\u00a0\u00bbtop_left\u00a0\u00bb background_repeat=\u00a0\u00bbrepeat\u00a0\u00bb][et_pb_column type=\u00a0\u00bb2_3&Prime; _builder_version=\u00a0\u00bb3.0.47&Prime; parallax=\u00a0\u00bboff\u00a0\u00bb parallax_method=\u00a0\u00bbon\u00a0\u00bb][et_pb_contact_form captcha=\u00a0\u00bboff\u00a0\u00bb email=\u00a0\u00bbcamping.barthon@wanadoo.fr\u00a0\u00bb title=\u00a0\u00bbCompletez notre formulaire\u00a0\u00bb admin_label=\u00a0\u00bbContact Form\u00a0\u00bb module_id=\u00a0\u00bbet_pb_contact_form_0&Prime; _builder_version=\u00a0\u00bb3.0.47&Prime; border_radii=\u00a0\u00bbon|0px|0px|0px|0px\u00a0\u00bb use_border_color=\u00a0\u00bboff\u00a0\u00bb border_color=\u00a0\u00bb#ffffff\u00a0\u00bb border_style=\u00a0\u00bbsolid\u00a0\u00bb input_border_radius=\u00a0\u00bb0&Prime;][et_pb_contact_field field_id=\u00a0\u00bbName\u00a0\u00bb field_title=\u00a0\u00bbNom\u00a0\u00bb _builder_version=\u00a0\u00bb3.0.47&Prime; border_radii=\u00a0\u00bbon||||\u00a0\u00bb] [\/et_pb_contact_field][et_pb_contact_field field_id=\u00a0\u00bbTelephone\u00a0\u00bb field_title=\u00a0\u00bbT\u00e9l\u00e9phone\u00a0\u00bb required_mark=\u00a0\u00bboff\u00a0\u00bb _builder_version=\u00a0\u00bb3.0.47&Prime; form_field_font=\u00a0\u00bb||||\u00a0\u00bb border_radii=\u00a0\u00bbon||||\u00a0\u00bb use_border_color=\u00a0\u00bboff\u00a0\u00bb border_style=\u00a0\u00bbsolid\u00a0\u00bb] [\/et_pb_contact_field][et_pb_contact_field field_id=\u00a0\u00bbEmail\u00a0\u00bb field_title=\u00a0\u00bbAdresse e-mail\u00a0\u00bb field_type=\u00a0\u00bbemail\u00a0\u00bb _builder_version=\u00a0\u00bb3.0.47&Prime; border_radii=\u00a0\u00bbon||||\u00a0\u00bb] [\/et_pb_contact_field][et_pb_contact_field field_id=\u00a0\u00bbVille\u00a0\u00bb field_title=\u00a0\u00bbVille\u00a0\u00bb required_mark=\u00a0\u00bboff\u00a0\u00bb _builder_version=\u00a0\u00bb3.0.47&Prime; form_field_font=\u00a0\u00bb||||\u00a0\u00bb border_radii=\u00a0\u00bbon||||\u00a0\u00bb use_border_color=\u00a0\u00bboff\u00a0\u00bb border_style=\u00a0\u00bbsolid\u00a0\u00bb] [\/et_pb_contact_field][et_pb_contact_field field_id=\u00a0\u00bbDateDeb\u00a0\u00bb field_title=\u00a0\u00bbdate d\u00e9but s\u00e9jour souhait\u00e9e\u00a0\u00bb required_mark=\u00a0\u00bboff\u00a0\u00bb _builder_version=\u00a0\u00bb3.0.47&Prime; form_field_font=\u00a0\u00bb||||\u00a0\u00bb border_radii=\u00a0\u00bbon||||\u00a0\u00bb use_border_color=\u00a0\u00bboff\u00a0\u00bb border_style=\u00a0\u00bbsolid\u00a0\u00bb] [\/et_pb_contact_field][et_pb_contact_field field_id=\u00a0\u00bbDateFin\u00a0\u00bb field_title=\u00a0\u00bbdate fin s\u00e9jour souhait\u00e9e\u00a0\u00bb required_mark=\u00a0\u00bboff\u00a0\u00bb _builder_version=\u00a0\u00bb3.0.47&Prime; form_field_font=\u00a0\u00bb||||\u00a0\u00bb border_radii=\u00a0\u00bbon||||\u00a0\u00bb use_border_color=\u00a0\u00bboff\u00a0\u00bb border_style=\u00a0\u00bbsolid\u00a0\u00bb] [\/et_pb_contact_field][et_pb_contact_field field_id=\u00a0\u00bbMessage\u00a0\u00bb field_title=\u00a0\u00bbVotre message\u00a0\u00bb field_type=\u00a0\u00bbtext\u00a0\u00bb fullwidth_field=\u00a0\u00bbon\u00a0\u00bb _builder_version=\u00a0\u00bb3.0.47&Prime; form_field_font=\u00a0\u00bb||||\u00a0\u00bb border_radii=\u00a0\u00bbon||||\u00a0\u00bb use_border_color=\u00a0\u00bboff\u00a0\u00bb border_style=\u00a0\u00bbsolid\u00a0\u00bb] [\/et_pb_contact_field][\/et_pb_contact_form][\/et_pb_column][et_pb_column type=\u00a0\u00bb1_3&Prime; _builder_version=\u00a0\u00bb3.0.47&Prime; parallax=\u00a0\u00bboff\u00a0\u00bb parallax_method=\u00a0\u00bbon\u00a0\u00bb][et_pb_text admin_label=\u00a0\u00bbText\u00a0\u00bb _builder_version=\u00a0\u00bb3.0.47&Prime; background_size=\u00a0\u00bbinitial\u00a0\u00bb background_position=\u00a0\u00bbtop_left\u00a0\u00bb background_repeat=\u00a0\u00bbrepeat\u00a0\u00bb use_border_color=\u00a0\u00bboff\u00a0\u00bb border_color=\u00a0\u00bb#ffffff\u00a0\u00bb border_style=\u00a0\u00bbsolid\u00a0\u00bb]<\/p>\n<h3>Information<\/h3>\n<p>N&rsquo;h\u00e9sitez pas \u00e0 nous contacter pour votre s\u00e9jour au CAMPING BARTHON, nous sommes l\u00e0 pour rendre ce s\u00e9jour le plus agr\u00e9able possible. Pour tous renseignements vous pouvez aussi utiliser ce formulaire, une r\u00e9ponse vous sera donn\u00e9e rapidement. Merci.<\/p>\n<p><strong>Nous \u00e9crire :<\/strong> Camping Barthon<br \/> Lieu dit Nan-Barthon<br \/> 40320 Buanes<\/p>\n<p><strong>T\u00e9l\u00e9phone :<\/strong> 05 58 51 12 95<strong><\/strong><\/p>\n<p><strong>E-Mail :<\/strong> camping.barthon@wanadoo.fr<\/p>\n<p>[\/et_pb_text][\/et_pb_column][\/et_pb_row][\/et_pb_section][et_pb_section fb_built=\u00a0\u00bb1&Prime; admin_label=\u00a0\u00bbSection\u00a0\u00bb _builder_version=\u00a0\u00bb3.0.47&Prime;][et_pb_row admin_label=\u00a0\u00bbLigne\u00a0\u00bb _builder_version=\u00a0\u00bb3.0.47&Prime; background_size=\u00a0\u00bbinitial\u00a0\u00bb background_position=\u00a0\u00bbtop_left\u00a0\u00bb background_repeat=\u00a0\u00bbrepeat\u00a0\u00bb][et_pb_column type=\u00a0\u00bb1_2&Prime; _builder_version=\u00a0\u00bb3.0.47&Prime; parallax=\u00a0\u00bboff\u00a0\u00bb parallax_method=\u00a0\u00bbon\u00a0\u00bb][et_pb_code admin_label=\u00a0\u00bbCode\u00a0\u00bb _builder_version=\u00a0\u00bb3.0.105&Prime;]&lt;iframe src=&quot;https:\/\/www.google.com\/maps\/embed?pb=!1m18!1m12!1m3!1d369314.7424894036!2d-0.9060602071199141!3d43.6841202655017!2m3!1f0!2f0!3f0!3m2!1i1024!2i768!4f13.1!3m3!1m2!1s0xd5670cd8a149d17%3A0x8c2a9fdc6f5a7993!2sCamping+Barthon%2C+Eug%C3%A9nie-les-Bains!5e0!3m2!1sfr!2sfr!4v1488891982075&quot; width=&quot;600&quot; height=&quot;450&quot; frameborder=&quot;0&quot; style=&quot;border:0&quot; allowfullscreen&gt;&lt;\/iframe&gt;[\/et_pb_code][\/et_pb_column][et_pb_column type=\u00a0\u00bb1_2&Prime; _builder_version=\u00a0\u00bb3.0.47&Prime; parallax=\u00a0\u00bboff\u00a0\u00bb parallax_method=\u00a0\u00bbon\u00a0\u00bb][et_pb_image src=\u00a0\u00bbhttp:\/\/campingbarthon-eugenie-les-bains.fr\/camping\/wp-content\/uploads\/2018\/03\/carte-de-France.jpg\u00a0\u00bb _builder_version=\u00a0\u00bb3.0.105&Prime;][\/et_pb_image][\/et_pb_column][\/et_pb_row][\/et_pb_section]<\/p>\n","protected":false},"excerpt":{"rendered":"<p>Information N&rsquo;h\u00e9sitez pas \u00e0 nous contacter pour votre s\u00e9jour au CAMPING BARTHON, nous sommes l\u00e0 pour rendre ce s\u00e9jour le plus agr\u00e9able possible. Pour tous renseignements vous pouvez aussi utiliser ce formulaire, une r\u00e9ponse vous sera donn\u00e9e rapidement. Merci. Nous \u00e9crire : Camping Barthon Lieu dit Nan-Barthon 40320 Buanes T\u00e9l\u00e9phone : 05 58 51 12 [&hellip;]<\/p>\n","protected":false},"author":1,"featured_media":0,"parent":0,"menu_order":0,"comment_status":"closed","ping_status":"closed","template":"","meta":{"_et_pb_use_builder":"on","_et_pb_old_content":"<p>C\u2019est une page avec des informations de contact de base, comme l\u2019adresse et le num\u00e9ro de t\u00e9l\u00e9phone. Vous pouvez aussi essayer une extension pour ajouter un formulaire de contact.<\/p>","_et_gb_content_width":"","footnotes":""},"class_list":["post-27","page","type-page","status-publish","hentry"],"yoast_head":"<!-- This site is optimized with the Yoast SEO plugin v26.6 - https:\/\/yoast.com\/wordpress\/plugins\/seo\/ -->\n<title>Nous contacter et infos - Camping Barthon<\/title>\n<meta name=\"robots\" content=\"index, follow, max-snippet:-1, max-image-preview:large, max-video-preview:-1\" \/>\n<link rel=\"canonical\" href=\"http:\/\/campingbarthon-eugenie-les-bains.fr\/camping\/index.php\/contact\/\" \/>\n<meta property=\"og:locale\" content=\"fr_FR\" \/>\n<meta property=\"og:type\" content=\"article\" \/>\n<meta property=\"og:title\" content=\"Nous contacter et infos - Camping Barthon\" \/>\n<meta property=\"og:description\" content=\"Information N&#039;h\u00e9sitez pas \u00e0 nous contacter pour votre s\u00e9jour au CAMPING BARTHON, nous sommes l\u00e0 pour rendre ce s\u00e9jour le plus agr\u00e9able possible. Pour tous renseignements vous pouvez aussi utiliser ce formulaire, une r\u00e9ponse vous sera donn\u00e9e rapidement. Merci. Nous \u00e9crire : Camping Barthon Lieu dit Nan-Barthon 40320 Buanes T\u00e9l\u00e9phone : 05 58 51 12 [&hellip;]\" \/>\n<meta property=\"og:url\" content=\"http:\/\/campingbarthon-eugenie-les-bains.fr\/camping\/index.php\/contact\/\" \/>\n<meta property=\"og:site_name\" content=\"Camping Barthon\" \/>\n<meta property=\"article:modified_time\" content=\"2018-03-07T17:24:37+00:00\" \/>\n<meta name=\"twitter:card\" content=\"summary_large_image\" \/>\n<meta name=\"twitter:label1\" content=\"Dur\u00e9e de lecture estim\u00e9e\" \/>\n\t<meta name=\"twitter:data1\" content=\"3 minutes\" \/>\n<script type=\"application\/ld+json\" class=\"yoast-schema-graph\">{\"@context\":\"https:\/\/schema.org\",\"@graph\":[{\"@type\":\"WebPage\",\"@id\":\"http:\/\/campingbarthon-eugenie-les-bains.fr\/camping\/index.php\/contact\/\",\"url\":\"http:\/\/campingbarthon-eugenie-les-bains.fr\/camping\/index.php\/contact\/\",\"name\":\"Nous contacter et infos - Camping Barthon\",\"isPartOf\":{\"@id\":\"http:\/\/campingbarthon-eugenie-les-bains.fr\/camping\/#website\"},\"datePublished\":\"2017-02-20T08:26:14+00:00\",\"dateModified\":\"2018-03-07T17:24:37+00:00\",\"breadcrumb\":{\"@id\":\"http:\/\/campingbarthon-eugenie-les-bains.fr\/camping\/index.php\/contact\/#breadcrumb\"},\"inLanguage\":\"fr-FR\",\"potentialAction\":[{\"@type\":\"ReadAction\",\"target\":[\"http:\/\/campingbarthon-eugenie-les-bains.fr\/camping\/index.php\/contact\/\"]}]},{\"@type\":\"BreadcrumbList\",\"@id\":\"http:\/\/campingbarthon-eugenie-les-bains.fr\/camping\/index.php\/contact\/#breadcrumb\",\"itemListElement\":[{\"@type\":\"ListItem\",\"position\":1,\"name\":\"Accueil\",\"item\":\"http:\/\/campingbarthon-eugenie-les-bains.fr\/camping\/\"},{\"@type\":\"ListItem\",\"position\":2,\"name\":\"Nous contacter et infos\"}]},{\"@type\":\"WebSite\",\"@id\":\"http:\/\/campingbarthon-eugenie-les-bains.fr\/camping\/#website\",\"url\":\"http:\/\/campingbarthon-eugenie-les-bains.fr\/camping\/\",\"name\":\"Camping Barthon\",\"description\":\"Le bonheur est une d\u00e9cision\",\"potentialAction\":[{\"@type\":\"SearchAction\",\"target\":{\"@type\":\"EntryPoint\",\"urlTemplate\":\"http:\/\/campingbarthon-eugenie-les-bains.fr\/camping\/?s={search_term_string}\"},\"query-input\":{\"@type\":\"PropertyValueSpecification\",\"valueRequired\":true,\"valueName\":\"search_term_string\"}}],\"inLanguage\":\"fr-FR\"}]}<\/script>\n<!-- \/ Yoast SEO plugin. -->","yoast_head_json":{"title":"Nous contacter et infos - Camping Barthon","robots":{"index":"index","follow":"follow","max-snippet":"max-snippet:-1","max-image-preview":"max-image-preview:large","max-video-preview":"max-video-preview:-1"},"canonical":"http:\/\/campingbarthon-eugenie-les-bains.fr\/camping\/index.php\/contact\/","og_locale":"fr_FR","og_type":"article","og_title":"Nous contacter et infos - Camping Barthon","og_description":"Information N'h\u00e9sitez pas \u00e0 nous contacter pour votre s\u00e9jour au CAMPING BARTHON, nous sommes l\u00e0 pour rendre ce s\u00e9jour le plus agr\u00e9able possible. Pour tous renseignements vous pouvez aussi utiliser ce formulaire, une r\u00e9ponse vous sera donn\u00e9e rapidement. Merci. Nous \u00e9crire : Camping Barthon Lieu dit Nan-Barthon 40320 Buanes T\u00e9l\u00e9phone : 05 58 51 12 [&hellip;]","og_url":"http:\/\/campingbarthon-eugenie-les-bains.fr\/camping\/index.php\/contact\/","og_site_name":"Camping Barthon","article_modified_time":"2018-03-07T17:24:37+00:00","twitter_card":"summary_large_image","twitter_misc":{"Dur\u00e9e de lecture estim\u00e9e":"3 minutes"},"schema":{"@context":"https:\/\/schema.org","@graph":[{"@type":"WebPage","@id":"http:\/\/campingbarthon-eugenie-les-bains.fr\/camping\/index.php\/contact\/","url":"http:\/\/campingbarthon-eugenie-les-bains.fr\/camping\/index.php\/contact\/","name":"Nous contacter et infos - Camping Barthon","isPartOf":{"@id":"http:\/\/campingbarthon-eugenie-les-bains.fr\/camping\/#website"},"datePublished":"2017-02-20T08:26:14+00:00","dateModified":"2018-03-07T17:24:37+00:00","breadcrumb":{"@id":"http:\/\/campingbarthon-eugenie-les-bains.fr\/camping\/index.php\/contact\/#breadcrumb"},"inLanguage":"fr-FR","potentialAction":[{"@type":"ReadAction","target":["http:\/\/campingbarthon-eugenie-les-bains.fr\/camping\/index.php\/contact\/"]}]},{"@type":"BreadcrumbList","@id":"http:\/\/campingbarthon-eugenie-les-bains.fr\/camping\/index.php\/contact\/#breadcrumb","itemListElement":[{"@type":"ListItem","position":1,"name":"Accueil","item":"http:\/\/campingbarthon-eugenie-les-bains.fr\/camping\/"},{"@type":"ListItem","position":2,"name":"Nous contacter et infos"}]},{"@type":"WebSite","@id":"http:\/\/campingbarthon-eugenie-les-bains.fr\/camping\/#website","url":"http:\/\/campingbarthon-eugenie-les-bains.fr\/camping\/","name":"Camping Barthon","description":"Le bonheur est une d\u00e9cision","potentialAction":[{"@type":"SearchAction","target":{"@type":"EntryPoint","urlTemplate":"http:\/\/campingbarthon-eugenie-les-bains.fr\/camping\/?s={search_term_string}"},"query-input":{"@type":"PropertyValueSpecification","valueRequired":true,"valueName":"search_term_string"}}],"inLanguage":"fr-FR"}]}},"_links":{"self":[{"href":"https:\/\/campingbarthon-eugenie-les-bains.fr\/camping\/index.php\/wp-json\/wp\/v2\/pages\/27","targetHints":{"allow":["GET"]}}],"collection":[{"href":"https:\/\/campingbarthon-eugenie-les-bains.fr\/camping\/index.php\/wp-json\/wp\/v2\/pages"}],"about":[{"href":"https:\/\/campingbarthon-eugenie-les-bains.fr\/camping\/index.php\/wp-json\/wp\/v2\/types\/page"}],"author":[{"embeddable":true,"href":"https:\/\/campingbarthon-eugenie-les-bains.fr\/camping\/index.php\/wp-json\/wp\/v2\/users\/1"}],"replies":[{"embeddable":true,"href":"https:\/\/campingbarthon-eugenie-les-bains.fr\/camping\/index.php\/wp-json\/wp\/v2\/comments?post=27"}],"version-history":[{"count":18,"href":"https:\/\/campingbarthon-eugenie-les-bains.fr\/camping\/index.php\/wp-json\/wp\/v2\/pages\/27\/revisions"}],"predecessor-version":[{"id":912,"href":"https:\/\/campingbarthon-eugenie-les-bains.fr\/camping\/index.php\/wp-json\/wp\/v2\/pages\/27\/revisions\/912"}],"wp:attachment":[{"href":"https:\/\/campingbarthon-eugenie-les-bains.fr\/camping\/index.php\/wp-json\/wp\/v2\/media?parent=27"}],"curies":[{"name":"wp","href":"https:\/\/api.w.org\/{rel}","templated":true}]}}