{"id":270,"date":"2017-02-27T16:40:46","date_gmt":"2017-02-27T15:40:46","guid":{"rendered":"http:\/\/campingbarthon-eugenie-les-bains.fr\/camping\/?page_id=270"},"modified":"2021-10-25T18:01:55","modified_gmt":"2021-10-25T16:01:55","slug":"qui-sommes-nous","status":"publish","type":"page","link":"https:\/\/campingbarthon-eugenie-les-bains.fr\/camping\/index.php\/qui-sommes-nous\/","title":{"rendered":"Qui sommes-nous ?"},"content":{"rendered":"<p>[et_pb_section fb_built=\u00a0\u00bb1&Prime; _builder_version=\u00a0\u00bb3.22&Prime; background_color=\u00a0\u00bbrgba(241,229,223,0.84)\u00a0\u00bb transparent_background=\u00a0\u00bboff\u00a0\u00bb global_colors_info=\u00a0\u00bb{}\u00a0\u00bb][et_pb_row _builder_version=\u00a0\u00bb3.25&Prime; background_size=\u00a0\u00bbinitial\u00a0\u00bb background_position=\u00a0\u00bbtop_left\u00a0\u00bb background_repeat=\u00a0\u00bbrepeat\u00a0\u00bb global_colors_info=\u00a0\u00bb{}\u00a0\u00bb][et_pb_column type=\u00a0\u00bb4_4&Prime; _builder_version=\u00a0\u00bb3.25&Prime; custom_padding=\u00a0\u00bb|||\u00a0\u00bb global_colors_info=\u00a0\u00bb{}\u00a0\u00bb custom_padding__hover=\u00a0\u00bb|||\u00a0\u00bb][et_pb_text _builder_version=\u00a0\u00bb3.27.4&Prime; background_size=\u00a0\u00bbinitial\u00a0\u00bb background_position=\u00a0\u00bbtop_left\u00a0\u00bb background_repeat=\u00a0\u00bbrepeat\u00a0\u00bb use_border_color=\u00a0\u00bboff\u00a0\u00bb global_colors_info=\u00a0\u00bb{}\u00a0\u00bb]<\/p>\n<h1 class=\"font_2\" style=\"text-align: center;\"><img loading=\"lazy\" decoding=\"async\" src=\"http:\/\/campingbarthon-eugenie-les-bains.fr\/camping\/wp-content\/uploads\/2017\/02\/trefles-transparent-carr\u00e9-1-150x150.png\" alt=\"\" class=\"wp-image-858 alignnone size-thumbnail\" width=\"100\" height=\"100\" srcset=\"https:\/\/campingbarthon-eugenie-les-bains.fr\/camping\/wp-content\/uploads\/2017\/02\/trefles-transparent-carr\u00e9-1-150x150.png 150w, https:\/\/campingbarthon-eugenie-les-bains.fr\/camping\/wp-content\/uploads\/2017\/02\/trefles-transparent-carr\u00e9-1-300x300.png 300w, https:\/\/campingbarthon-eugenie-les-bains.fr\/camping\/wp-content\/uploads\/2017\/02\/trefles-transparent-carr\u00e9-1.png 500w\" sizes=\"(max-width: 100px) 100vw, 100px\" \/><\/h1>\n<p><img loading=\"lazy\" decoding=\"async\" class=\"size-thumbnail wp-image-828 aligncenter\" src=\"..\/..\/wp-content\/uploads\/2017\/02\/effigie-150x150.jpg\" alt=\"Christine et Jean Luc Delbarre\" width=\"150\" height=\"150\" \/><\/p>\n<h1 class=\"font_2\" style=\"text-align: center;\">Christine et Jean-Luc<\/h1>\n<p class=\"font_8\" style=\"text-align: center;\">Nous sommes nouvellement propri\u00e9taires de ce terrain. Nous avons pour ambition de lui donner une second souffle et<br \/> une nouvelle dynamique avec votre aide et votre fid\u00e9lit\u00e9 tout en respectant son caract\u00e8re si particulier qui nous a s\u00e9duit.<\/p>\n<p class=\"font_8\" style=\"text-align: center;\"><strong>Qui sommes nous ?<\/strong><\/p>\n<p class=\"font_8\" style=\"text-align: center;\"><strong>Jean-luc Delbarre<\/strong> : Venant du milieu du commerce et du bricolage (responsable de rayon d\u2019une des enseignes parmi les plus connues ou<br \/> l\u2019on trouve tout ce qu\u2019il faut !), je suis plus particuli\u00e8rement d\u00e9vou\u00e9 \u00e0 l\u2019entretien et la maintenance des infrastructures.<br \/> Mes comp\u00e9tences et mes nombreuses exp\u00e9riences de r\u00e9novation d\u2019habitat sont autant d\u2019atouts pour la gestion de ce terrain.<\/p>\n<p class=\"font_8\" style=\"text-align: center;\"><em><\/em><strong>Christine Delbarre<\/strong> : Venant du milieu du commerce \u00e9galement o\u00f9 pendant plus de 30 ans, j\u2019ai exerc\u00e9 la mission de responsable de<br \/> boutique de pr\u00eat \u00e0 porter, je serai plus particuli\u00e8rement d\u00e9vou\u00e9e \u00e0 votre accueil et \u00e0 faire que votre s\u00e9jour se d\u00e9roule dans de bonnes conditions.<\/p>\n<p class=\"font_8\" style=\"text-align: center;\"><strong>Ensemble, nous sommes tomb\u00e9s amoureux de cet espace nature, de son calme apaisant et de la convivialit\u00e9 des lieux.<br \/> Nous avons quitt\u00e9 Dunkerque pour une nouvelle vie de gestionnaire de camping.<br \/> Nous sommes des gens du nord, venus chercher \u00ab\u00a0le bleu qui manquait \u00e0 notre d\u00e9cors et le soleil que<br \/> nous n\u2019avions pas autant dehors. On se l\u00e8ve t\u00f4t, de cela d\u00e9pend vos sorts ; On aime l\u2019accord\u00e9on qui fait danser,<br \/> la bi\u00e8re qui fait chanter, les f\u00eates qui font tourner les t\u00eates tout comme les gens du sud-ouest\u00a0\u00bb<\/strong><strong><\/strong><\/p>\n<p>[\/et_pb_text][\/et_pb_column][\/et_pb_row][\/et_pb_section][et_pb_section fb_built=\u00a0\u00bb1&Prime; admin_label=\u00a0\u00bbsection\u00a0\u00bb _builder_version=\u00a0\u00bb3.22&Prime; background_color=\u00a0\u00bbrgba(241,229,223,0.78)\u00a0\u00bb transparent_background=\u00a0\u00bboff\u00a0\u00bb global_colors_info=\u00a0\u00bb{}\u00a0\u00bb][et_pb_row admin_label=\u00a0\u00bbrow\u00a0\u00bb _builder_version=\u00a0\u00bb3.25&Prime; background_size=\u00a0\u00bbinitial\u00a0\u00bb background_position=\u00a0\u00bbtop_left\u00a0\u00bb background_repeat=\u00a0\u00bbrepeat\u00a0\u00bb global_colors_info=\u00a0\u00bb{}\u00a0\u00bb column_structure=\u00a0\u00bb1_3,1_3,1_3&Prime;][et_pb_column type=\u00a0\u00bb1_3&Prime; _builder_version=\u00a0\u00bb3.25&Prime; custom_padding=\u00a0\u00bb|||\u00a0\u00bb global_colors_info=\u00a0\u00bb{}\u00a0\u00bb custom_padding__hover=\u00a0\u00bb|||\u00a0\u00bb][et_pb_image src=\u00a0\u00bbhttp:\/\/campingbarthon-eugenie-les-bains.fr\/camping\/wp-content\/uploads\/2021\/10\/SITE-INTERNET-scaled.jpg\u00a0\u00bb show_in_lightbox=\u00a0\u00bbon\u00a0\u00bb force_fullwidth=\u00a0\u00bbon\u00a0\u00bb align_tablet=\u00a0\u00bbcenter\u00a0\u00bb align_last_edited=\u00a0\u00bbon|desktop\u00a0\u00bb _builder_version=\u00a0\u00bb4.11.4&Prime; animation_style=\u00a0\u00bbslide\u00a0\u00bb animation_direction=\u00a0\u00bbleft\u00a0\u00bb animation_duration=\u00a0\u00bb500ms\u00a0\u00bb animation_intensity_slide=\u00a0\u00bb10%\u00a0\u00bb hover_enabled=\u00a0\u00bb0&Prime; use_border_color=\u00a0\u00bboff\u00a0\u00bb border_color=\u00a0\u00bb#ffffff\u00a0\u00bb border_style=\u00a0\u00bbsolid\u00a0\u00bb animation=\u00a0\u00bbleft\u00a0\u00bb sticky=\u00a0\u00bboff\u00a0\u00bb global_colors_info=\u00a0\u00bb{}\u00a0\u00bb alt=\u00a0\u00bbCamping Barthon activit\u00e9 Jeux en Bois\u00a0\u00bb title_text=\u00a0\u00bbCamping Barthon activit\u00e9 Jeux en Bois\u00a0\u00bb sticky_enabled=\u00a0\u00bb0&Prime; align_phone=\u00a0\u00bbcenter\u00a0\u00bb][\/et_pb_image][\/et_pb_column][et_pb_column type=\u00a0\u00bb1_3&Prime; _builder_version=\u00a0\u00bb3.25&Prime; custom_padding=\u00a0\u00bb|||\u00a0\u00bb global_colors_info=\u00a0\u00bb{}\u00a0\u00bb custom_padding__hover=\u00a0\u00bb|||\u00a0\u00bb][et_pb_image src=\u00a0\u00bbhttp:\/\/campingbarthon-eugenie-les-bains.fr\/camping\/wp-content\/uploads\/2017\/02\/Au-Camping-Barthon-7.jpg\u00a0\u00bb show_in_lightbox=\u00a0\u00bbon\u00a0\u00bb align_tablet=\u00a0\u00bbcenter\u00a0\u00bb align_last_edited=\u00a0\u00bbon|desktop\u00a0\u00bb _builder_version=\u00a0\u00bb3.23&Prime; animation_style=\u00a0\u00bbslide\u00a0\u00bb animation_direction=\u00a0\u00bbleft\u00a0\u00bb animation_duration=\u00a0\u00bb500ms\u00a0\u00bb animation_intensity_slide=\u00a0\u00bb10%\u00a0\u00bb use_border_color=\u00a0\u00bboff\u00a0\u00bb global_colors_info=\u00a0\u00bb{}\u00a0\u00bb align_phone=\u00a0\u00bbcenter\u00a0\u00bb][\/et_pb_image][\/et_pb_column][et_pb_column type=\u00a0\u00bb1_3&Prime; _builder_version=\u00a0\u00bb3.25&Prime; custom_padding=\u00a0\u00bb|||\u00a0\u00bb global_colors_info=\u00a0\u00bb{}\u00a0\u00bb custom_padding__hover=\u00a0\u00bb|||\u00a0\u00bb][et_pb_image src=\u00a0\u00bbhttp:\/\/campingbarthon-eugenie-les-bains.fr\/camping\/wp-content\/uploads\/2017\/02\/Au-Camping-Barthon-2.jpg\u00a0\u00bb show_in_lightbox=\u00a0\u00bbon\u00a0\u00bb align_tablet=\u00a0\u00bbcenter\u00a0\u00bb align_last_edited=\u00a0\u00bbon|desktop\u00a0\u00bb _builder_version=\u00a0\u00bb3.23&Prime; animation_style=\u00a0\u00bbslide\u00a0\u00bb animation_direction=\u00a0\u00bbleft\u00a0\u00bb animation_duration=\u00a0\u00bb500ms\u00a0\u00bb animation_intensity_slide=\u00a0\u00bb10%\u00a0\u00bb use_border_color=\u00a0\u00bboff\u00a0\u00bb global_colors_info=\u00a0\u00bb{}\u00a0\u00bb align_phone=\u00a0\u00bbcenter\u00a0\u00bb][\/et_pb_image][\/et_pb_column][\/et_pb_row][et_pb_row admin_label=\u00a0\u00bbrow\u00a0\u00bb _builder_version=\u00a0\u00bb3.25&Prime; background_size=\u00a0\u00bbinitial\u00a0\u00bb background_position=\u00a0\u00bbtop_left\u00a0\u00bb background_repeat=\u00a0\u00bbrepeat\u00a0\u00bb global_colors_info=\u00a0\u00bb{}\u00a0\u00bb column_structure=\u00a0\u00bb1_3,1_3,1_3&Prime;][et_pb_column type=\u00a0\u00bb1_3&Prime; _builder_version=\u00a0\u00bb3.25&Prime; custom_padding=\u00a0\u00bb|||\u00a0\u00bb global_colors_info=\u00a0\u00bb{}\u00a0\u00bb custom_padding__hover=\u00a0\u00bb|||\u00a0\u00bb][et_pb_image src=\u00a0\u00bbhttp:\/\/campingbarthon-eugenie-les-bains.fr\/camping\/wp-content\/uploads\/2021\/10\/site-internet-8-scaled.jpg\u00a0\u00bb show_in_lightbox=\u00a0\u00bbon\u00a0\u00bb force_fullwidth=\u00a0\u00bbon\u00a0\u00bb align_tablet=\u00a0\u00bbcenter\u00a0\u00bb align_last_edited=\u00a0\u00bbon|desktop\u00a0\u00bb _builder_version=\u00a0\u00bb4.11.4&Prime; animation_style=\u00a0\u00bbslide\u00a0\u00bb animation_direction=\u00a0\u00bbleft\u00a0\u00bb animation_duration=\u00a0\u00bb500ms\u00a0\u00bb animation_intensity_slide=\u00a0\u00bb10%\u00a0\u00bb hover_enabled=\u00a0\u00bb0&Prime; use_border_color=\u00a0\u00bboff\u00a0\u00bb global_colors_info=\u00a0\u00bb{}\u00a0\u00bb alt=\u00a0\u00bbCamping Barthon Boulodrome\u00a0\u00bb title_text=\u00a0\u00bbCamping Barthon Boulodrome\u00a0\u00bb sticky_enabled=\u00a0\u00bb0&Prime; align_phone=\u00a0\u00bbcenter\u00a0\u00bb][\/et_pb_image][\/et_pb_column][et_pb_column type=\u00a0\u00bb1_3&Prime; _builder_version=\u00a0\u00bb3.25&Prime; custom_padding=\u00a0\u00bb|||\u00a0\u00bb global_colors_info=\u00a0\u00bb{}\u00a0\u00bb custom_padding__hover=\u00a0\u00bb|||\u00a0\u00bb][et_pb_image src=\u00a0\u00bbhttp:\/\/campingbarthon-eugenie-les-bains.fr\/camping\/wp-content\/uploads\/2017\/02\/Au-Camping-Barthon-4.jpg\u00a0\u00bb show_in_lightbox=\u00a0\u00bbon\u00a0\u00bb align_tablet=\u00a0\u00bbcenter\u00a0\u00bb align_last_edited=\u00a0\u00bbon|desktop\u00a0\u00bb _builder_version=\u00a0\u00bb3.23&Prime; animation_style=\u00a0\u00bbslide\u00a0\u00bb animation_direction=\u00a0\u00bbleft\u00a0\u00bb animation_duration=\u00a0\u00bb500ms\u00a0\u00bb animation_intensity_slide=\u00a0\u00bb10%\u00a0\u00bb use_border_color=\u00a0\u00bboff\u00a0\u00bb global_colors_info=\u00a0\u00bb{}\u00a0\u00bb align_phone=\u00a0\u00bbcenter\u00a0\u00bb][\/et_pb_image][\/et_pb_column][et_pb_column type=\u00a0\u00bb1_3&Prime; _builder_version=\u00a0\u00bb3.25&Prime; custom_padding=\u00a0\u00bb|||\u00a0\u00bb global_colors_info=\u00a0\u00bb{}\u00a0\u00bb custom_padding__hover=\u00a0\u00bb|||\u00a0\u00bb][et_pb_image src=\u00a0\u00bbhttp:\/\/campingbarthon-eugenie-les-bains.fr\/camping\/wp-content\/uploads\/2021\/10\/SITE-INTERNET-10-scaled.jpg\u00a0\u00bb show_in_lightbox=\u00a0\u00bbon\u00a0\u00bb align_tablet=\u00a0\u00bbcenter\u00a0\u00bb align_last_edited=\u00a0\u00bbon|desktop\u00a0\u00bb _builder_version=\u00a0\u00bb4.11.4&Prime; animation_style=\u00a0\u00bbslide\u00a0\u00bb animation_direction=\u00a0\u00bbleft\u00a0\u00bb animation_duration=\u00a0\u00bb500ms\u00a0\u00bb animation_intensity_slide=\u00a0\u00bb10%\u00a0\u00bb hover_enabled=\u00a0\u00bb0&Prime; use_border_color=\u00a0\u00bboff\u00a0\u00bb global_colors_info=\u00a0\u00bb{}\u00a0\u00bb alt=\u00a0\u00bbCamping Barthon espace jeux\u00a0\u00bb title_text=\u00a0\u00bbCamping Barthon espace jeux\u00a0\u00bb sticky_enabled=\u00a0\u00bb0&Prime; align_phone=\u00a0\u00bbcenter\u00a0\u00bb][\/et_pb_image][\/et_pb_column][\/et_pb_row][et_pb_row admin_label=\u00a0\u00bbrow\u00a0\u00bb _builder_version=\u00a0\u00bb3.25&Prime; background_size=\u00a0\u00bbinitial\u00a0\u00bb background_position=\u00a0\u00bbtop_left\u00a0\u00bb background_repeat=\u00a0\u00bbrepeat\u00a0\u00bb global_colors_info=\u00a0\u00bb{}\u00a0\u00bb column_structure=\u00a0\u00bb1_3,1_3,1_3&Prime;][et_pb_column type=\u00a0\u00bb1_3&Prime; _builder_version=\u00a0\u00bb3.25&Prime; custom_padding=\u00a0\u00bb|||\u00a0\u00bb global_colors_info=\u00a0\u00bb{}\u00a0\u00bb custom_padding__hover=\u00a0\u00bb|||\u00a0\u00bb][et_pb_image src=\u00a0\u00bbhttp:\/\/campingbarthon-eugenie-les-bains.fr\/camping\/wp-content\/uploads\/2021\/10\/site-internet-5-scaled.jpg\u00a0\u00bb show_in_lightbox=\u00a0\u00bbon\u00a0\u00bb force_fullwidth=\u00a0\u00bbon\u00a0\u00bb align_tablet=\u00a0\u00bbcenter\u00a0\u00bb align_last_edited=\u00a0\u00bbon|desktop\u00a0\u00bb _builder_version=\u00a0\u00bb4.11.4&Prime; animation_style=\u00a0\u00bbslide\u00a0\u00bb animation_direction=\u00a0\u00bbleft\u00a0\u00bb animation_duration=\u00a0\u00bb500ms\u00a0\u00bb animation_intensity_slide=\u00a0\u00bb10%\u00a0\u00bb hover_enabled=\u00a0\u00bb0&Prime; use_border_color=\u00a0\u00bboff\u00a0\u00bb global_colors_info=\u00a0\u00bb{}\u00a0\u00bb alt=\u00a0\u00bbCamping Barthon salon ext\u00e9rieur\u00a0\u00bb title_text=\u00a0\u00bbCamping Barthon salon ext\u00e9rieur\u00a0\u00bb sticky_enabled=\u00a0\u00bb0&Prime; align_phone=\u00a0\u00bbcenter\u00a0\u00bb][\/et_pb_image][\/et_pb_column][et_pb_column type=\u00a0\u00bb1_3&Prime; _builder_version=\u00a0\u00bb3.25&Prime; custom_padding=\u00a0\u00bb|||\u00a0\u00bb global_colors_info=\u00a0\u00bb{}\u00a0\u00bb custom_padding__hover=\u00a0\u00bb|||\u00a0\u00bb][et_pb_image src=\u00a0\u00bbhttp:\/\/campingbarthon-eugenie-les-bains.fr\/camping\/wp-content\/uploads\/2017\/02\/Camping-Barthon-Loisirs-6.jpg\u00a0\u00bb show_in_lightbox=\u00a0\u00bbon\u00a0\u00bb align_tablet=\u00a0\u00bbcenter\u00a0\u00bb align_last_edited=\u00a0\u00bbon|desktop\u00a0\u00bb _builder_version=\u00a0\u00bb3.23&Prime; animation_style=\u00a0\u00bbslide\u00a0\u00bb animation_direction=\u00a0\u00bbleft\u00a0\u00bb animation_duration=\u00a0\u00bb500ms\u00a0\u00bb animation_intensity_slide=\u00a0\u00bb10%\u00a0\u00bb use_border_color=\u00a0\u00bboff\u00a0\u00bb border_color=\u00a0\u00bb#ffffff\u00a0\u00bb border_style=\u00a0\u00bbsolid\u00a0\u00bb animation=\u00a0\u00bbleft\u00a0\u00bb sticky=\u00a0\u00bboff\u00a0\u00bb global_colors_info=\u00a0\u00bb{}\u00a0\u00bb align_phone=\u00a0\u00bbcenter\u00a0\u00bb][\/et_pb_image][\/et_pb_column][et_pb_column type=\u00a0\u00bb1_3&Prime; _builder_version=\u00a0\u00bb3.25&Prime; custom_padding=\u00a0\u00bb|||\u00a0\u00bb global_colors_info=\u00a0\u00bb{}\u00a0\u00bb custom_padding__hover=\u00a0\u00bb|||\u00a0\u00bb][et_pb_image src=\u00a0\u00bbhttp:\/\/campingbarthon-eugenie-les-bains.fr\/camping\/wp-content\/uploads\/2017\/02\/Au-Camping-Barthon-6.jpg\u00a0\u00bb show_in_lightbox=\u00a0\u00bbon\u00a0\u00bb align_tablet=\u00a0\u00bbcenter\u00a0\u00bb align_last_edited=\u00a0\u00bbon|desktop\u00a0\u00bb _builder_version=\u00a0\u00bb3.23&Prime; animation_style=\u00a0\u00bbslide\u00a0\u00bb animation_direction=\u00a0\u00bbleft\u00a0\u00bb animation_duration=\u00a0\u00bb500ms\u00a0\u00bb animation_intensity_slide=\u00a0\u00bb10%\u00a0\u00bb use_border_color=\u00a0\u00bboff\u00a0\u00bb global_colors_info=\u00a0\u00bb{}\u00a0\u00bb align_phone=\u00a0\u00bbcenter\u00a0\u00bb][\/et_pb_image][\/et_pb_column][\/et_pb_row][\/et_pb_section][et_pb_section fb_built=\u00a0\u00bb1&Prime; _builder_version=\u00a0\u00bb3.22&Prime; background_color=\u00a0\u00bbrgba(241,229,223,0.84)\u00a0\u00bb transparent_background=\u00a0\u00bboff\u00a0\u00bb global_colors_info=\u00a0\u00bb{}\u00a0\u00bb][et_pb_row _builder_version=\u00a0\u00bb3.25&Prime; background_size=\u00a0\u00bbinitial\u00a0\u00bb background_position=\u00a0\u00bbtop_left\u00a0\u00bb background_repeat=\u00a0\u00bbrepeat\u00a0\u00bb global_colors_info=\u00a0\u00bb{}\u00a0\u00bb][et_pb_column type=\u00a0\u00bb4_4&Prime; _builder_version=\u00a0\u00bb3.25&Prime; custom_padding=\u00a0\u00bb|||\u00a0\u00bb global_colors_info=\u00a0\u00bb{}\u00a0\u00bb custom_padding__hover=\u00a0\u00bb|||\u00a0\u00bb][et_pb_text _builder_version=\u00a0\u00bb3.27.4&Prime; background_size=\u00a0\u00bbinitial\u00a0\u00bb background_position=\u00a0\u00bbtop_left\u00a0\u00bb background_repeat=\u00a0\u00bbrepeat\u00a0\u00bb use_border_color=\u00a0\u00bboff\u00a0\u00bb border_color=\u00a0\u00bb#ffffff\u00a0\u00bb border_style=\u00a0\u00bbsolid\u00a0\u00bb global_colors_info=\u00a0\u00bb{}\u00a0\u00bb]<\/p>\n<h1 class=\"font_2\" style=\"text-align: center;\">le Barthon<\/h1>\n<p class=\"font_8\" style=\"text-align: center;\"><strong>Ouvert de mi-mars \u00e0 fin novembre<\/strong>,<br \/>si vous le pouvez, nous vous conseillons de <span class=\"backcolor_18\" style=\"color: #0000ff;\">venir entre le 15 avril et le 15 octobre<\/span> pour profiter<br \/>au maximum de notre ambiance unique.<\/p>\n<p class=\"font_8\" style=\"text-align: center;\"><strong>Les mois les plus demand\u00e9s sont Mai, Juin, Ao\u00fbt,\u00a0Septembre<\/strong>.<br \/><span class=\"backcolor_23\"><span style=\"color: #808000;\">Du 10 Juillet au 15 Ao\u00fbt<\/span>\u00a0environ<\/span>, nous accueillons un grand nombre de curistes qui<br \/>viennent en famille, donc des enfants et des jeunes.<br \/>En \u00e9t\u00e9 ou pendant les nombreux longs weekends\u00a0de l&rsquo;ann\u00e9e, de plus en plus de vacanciers choisissent aussi<br \/>notre lieu pour <strong>de vraies vacances de \u00ab\u00a0reconnexion\u00a0\u00bb avec la nature et le bien \u00eatre<\/strong>.<\/p>\n<p class=\"font_8\" style=\"text-align: center;\"><span class=\"backcolor_26\" style=\"color: #800080;\">L&rsquo;arri\u00e8re saison (Septembre, Octobre et m\u00eame novembre) <\/span>est traditionnellement tr\u00e8s\u00a0belle, une sorte d&rsquo;\u00e9t\u00e9 indien&#8230;<br \/><span class=\"backcolor_26\" style=\"color: #800080;\">profitez-en !<\/span><\/p>\n<p class=\"font_8\" style=\"text-align: center;\">Le printemps est doux mais souvent assez pluvieux.<\/p>\n<p class=\"font_8\" style=\"text-align: center;\"><strong>Quelque soit la date de votre arriv\u00e9e, notre ambiance a le charme de la s\u00e9r\u00e9nit\u00e9 et de l&rsquo;apaisement.<\/strong><br \/><strong>Ici, on vous \u00e9coute vraiment !<\/strong><\/p>\n<p>&nbsp;<\/p>\n<p>[\/et_pb_text][\/et_pb_column][\/et_pb_row][\/et_pb_section]<\/p>\n","protected":false},"excerpt":{"rendered":"<p>Christine et Jean-Luc Nous sommes nouvellement propri\u00e9taires de ce terrain. Nous avons pour ambition de lui donner une second souffle et une nouvelle dynamique avec votre aide et votre fid\u00e9lit\u00e9 tout en respectant son caract\u00e8re si particulier qui nous a s\u00e9duit. Qui sommes nous ? Jean-luc Delbarre : Venant du milieu du commerce et du [&hellip;]<\/p>\n","protected":false},"author":1,"featured_media":0,"parent":0,"menu_order":0,"comment_status":"closed","ping_status":"closed","template":"","meta":{"_et_pb_use_builder":"on","_et_pb_old_content":"","_et_gb_content_width":"","footnotes":""},"class_list":["post-270","page","type-page","status-publish","hentry"],"yoast_head":"<!-- This site is optimized with the Yoast SEO plugin v26.6 - https:\/\/yoast.com\/wordpress\/plugins\/seo\/ -->\n<title>Qui sommes-nous ? - Camping Barthon<\/title>\n<meta name=\"robots\" content=\"index, follow, max-snippet:-1, max-image-preview:large, max-video-preview:-1\" \/>\n<link rel=\"canonical\" href=\"http:\/\/campingbarthon-eugenie-les-bains.fr\/camping\/index.php\/qui-sommes-nous\/\" \/>\n<meta property=\"og:locale\" content=\"fr_FR\" \/>\n<meta property=\"og:type\" content=\"article\" \/>\n<meta property=\"og:title\" content=\"Qui sommes-nous ? - Camping Barthon\" \/>\n<meta property=\"og:description\" content=\"Christine et Jean-Luc Nous sommes nouvellement propri\u00e9taires de ce terrain. Nous avons pour ambition de lui donner une second souffle et une nouvelle dynamique avec votre aide et votre fid\u00e9lit\u00e9 tout en respectant son caract\u00e8re si particulier qui nous a s\u00e9duit. Qui sommes nous ? Jean-luc Delbarre : Venant du milieu du commerce et du [&hellip;]\" \/>\n<meta property=\"og:url\" content=\"http:\/\/campingbarthon-eugenie-les-bains.fr\/camping\/index.php\/qui-sommes-nous\/\" \/>\n<meta property=\"og:site_name\" content=\"Camping Barthon\" \/>\n<meta property=\"article:modified_time\" content=\"2021-10-25T16:01:55+00:00\" \/>\n<meta name=\"twitter:card\" content=\"summary_large_image\" \/>\n<meta name=\"twitter:label1\" content=\"Dur\u00e9e de lecture estim\u00e9e\" \/>\n\t<meta name=\"twitter:data1\" content=\"7 minutes\" \/>\n<script type=\"application\/ld+json\" class=\"yoast-schema-graph\">{\"@context\":\"https:\/\/schema.org\",\"@graph\":[{\"@type\":\"WebPage\",\"@id\":\"http:\/\/campingbarthon-eugenie-les-bains.fr\/camping\/index.php\/qui-sommes-nous\/\",\"url\":\"http:\/\/campingbarthon-eugenie-les-bains.fr\/camping\/index.php\/qui-sommes-nous\/\",\"name\":\"Qui sommes-nous ? - Camping Barthon\",\"isPartOf\":{\"@id\":\"http:\/\/campingbarthon-eugenie-les-bains.fr\/camping\/#website\"},\"datePublished\":\"2017-02-27T15:40:46+00:00\",\"dateModified\":\"2021-10-25T16:01:55+00:00\",\"breadcrumb\":{\"@id\":\"http:\/\/campingbarthon-eugenie-les-bains.fr\/camping\/index.php\/qui-sommes-nous\/#breadcrumb\"},\"inLanguage\":\"fr-FR\",\"potentialAction\":[{\"@type\":\"ReadAction\",\"target\":[\"http:\/\/campingbarthon-eugenie-les-bains.fr\/camping\/index.php\/qui-sommes-nous\/\"]}]},{\"@type\":\"BreadcrumbList\",\"@id\":\"http:\/\/campingbarthon-eugenie-les-bains.fr\/camping\/index.php\/qui-sommes-nous\/#breadcrumb\",\"itemListElement\":[{\"@type\":\"ListItem\",\"position\":1,\"name\":\"Accueil\",\"item\":\"http:\/\/campingbarthon-eugenie-les-bains.fr\/camping\/\"},{\"@type\":\"ListItem\",\"position\":2,\"name\":\"Qui sommes-nous ?\"}]},{\"@type\":\"WebSite\",\"@id\":\"http:\/\/campingbarthon-eugenie-les-bains.fr\/camping\/#website\",\"url\":\"http:\/\/campingbarthon-eugenie-les-bains.fr\/camping\/\",\"name\":\"Camping Barthon\",\"description\":\"Le bonheur est une d\u00e9cision\",\"potentialAction\":[{\"@type\":\"SearchAction\",\"target\":{\"@type\":\"EntryPoint\",\"urlTemplate\":\"http:\/\/campingbarthon-eugenie-les-bains.fr\/camping\/?s={search_term_string}\"},\"query-input\":{\"@type\":\"PropertyValueSpecification\",\"valueRequired\":true,\"valueName\":\"search_term_string\"}}],\"inLanguage\":\"fr-FR\"}]}<\/script>\n<!-- \/ Yoast SEO plugin. -->","yoast_head_json":{"title":"Qui sommes-nous ? - Camping Barthon","robots":{"index":"index","follow":"follow","max-snippet":"max-snippet:-1","max-image-preview":"max-image-preview:large","max-video-preview":"max-video-preview:-1"},"canonical":"http:\/\/campingbarthon-eugenie-les-bains.fr\/camping\/index.php\/qui-sommes-nous\/","og_locale":"fr_FR","og_type":"article","og_title":"Qui sommes-nous ? - Camping Barthon","og_description":"Christine et Jean-Luc Nous sommes nouvellement propri\u00e9taires de ce terrain. Nous avons pour ambition de lui donner une second souffle et une nouvelle dynamique avec votre aide et votre fid\u00e9lit\u00e9 tout en respectant son caract\u00e8re si particulier qui nous a s\u00e9duit. Qui sommes nous ? Jean-luc Delbarre : Venant du milieu du commerce et du [&hellip;]","og_url":"http:\/\/campingbarthon-eugenie-les-bains.fr\/camping\/index.php\/qui-sommes-nous\/","og_site_name":"Camping Barthon","article_modified_time":"2021-10-25T16:01:55+00:00","twitter_card":"summary_large_image","twitter_misc":{"Dur\u00e9e de lecture estim\u00e9e":"7 minutes"},"schema":{"@context":"https:\/\/schema.org","@graph":[{"@type":"WebPage","@id":"http:\/\/campingbarthon-eugenie-les-bains.fr\/camping\/index.php\/qui-sommes-nous\/","url":"http:\/\/campingbarthon-eugenie-les-bains.fr\/camping\/index.php\/qui-sommes-nous\/","name":"Qui sommes-nous ? - Camping Barthon","isPartOf":{"@id":"http:\/\/campingbarthon-eugenie-les-bains.fr\/camping\/#website"},"datePublished":"2017-02-27T15:40:46+00:00","dateModified":"2021-10-25T16:01:55+00:00","breadcrumb":{"@id":"http:\/\/campingbarthon-eugenie-les-bains.fr\/camping\/index.php\/qui-sommes-nous\/#breadcrumb"},"inLanguage":"fr-FR","potentialAction":[{"@type":"ReadAction","target":["http:\/\/campingbarthon-eugenie-les-bains.fr\/camping\/index.php\/qui-sommes-nous\/"]}]},{"@type":"BreadcrumbList","@id":"http:\/\/campingbarthon-eugenie-les-bains.fr\/camping\/index.php\/qui-sommes-nous\/#breadcrumb","itemListElement":[{"@type":"ListItem","position":1,"name":"Accueil","item":"http:\/\/campingbarthon-eugenie-les-bains.fr\/camping\/"},{"@type":"ListItem","position":2,"name":"Qui sommes-nous ?"}]},{"@type":"WebSite","@id":"http:\/\/campingbarthon-eugenie-les-bains.fr\/camping\/#website","url":"http:\/\/campingbarthon-eugenie-les-bains.fr\/camping\/","name":"Camping Barthon","description":"Le bonheur est une d\u00e9cision","potentialAction":[{"@type":"SearchAction","target":{"@type":"EntryPoint","urlTemplate":"http:\/\/campingbarthon-eugenie-les-bains.fr\/camping\/?s={search_term_string}"},"query-input":{"@type":"PropertyValueSpecification","valueRequired":true,"valueName":"search_term_string"}}],"inLanguage":"fr-FR"}]}},"_links":{"self":[{"href":"https:\/\/campingbarthon-eugenie-les-bains.fr\/camping\/index.php\/wp-json\/wp\/v2\/pages\/270","targetHints":{"allow":["GET"]}}],"collection":[{"href":"https:\/\/campingbarthon-eugenie-les-bains.fr\/camping\/index.php\/wp-json\/wp\/v2\/pages"}],"about":[{"href":"https:\/\/campingbarthon-eugenie-les-bains.fr\/camping\/index.php\/wp-json\/wp\/v2\/types\/page"}],"author":[{"embeddable":true,"href":"https:\/\/campingbarthon-eugenie-les-bains.fr\/camping\/index.php\/wp-json\/wp\/v2\/users\/1"}],"replies":[{"embeddable":true,"href":"https:\/\/campingbarthon-eugenie-les-bains.fr\/camping\/index.php\/wp-json\/wp\/v2\/comments?post=270"}],"version-history":[{"count":27,"href":"https:\/\/campingbarthon-eugenie-les-bains.fr\/camping\/index.php\/wp-json\/wp\/v2\/pages\/270\/revisions"}],"predecessor-version":[{"id":1102,"href":"https:\/\/campingbarthon-eugenie-les-bains.fr\/camping\/index.php\/wp-json\/wp\/v2\/pages\/270\/revisions\/1102"}],"wp:attachment":[{"href":"https:\/\/campingbarthon-eugenie-les-bains.fr\/camping\/index.php\/wp-json\/wp\/v2\/media?parent=270"}],"curies":[{"name":"wp","href":"https:\/\/api.w.org\/{rel}","templated":true}]}}